{"id":13749,"date":"2021-12-01T15:29:18","date_gmt":"2021-12-01T12:29:18","guid":{"rendered":"https:\/\/medical.savagrup.com\/?page_id=13749"},"modified":"2021-12-03T16:16:07","modified_gmt":"2021-12-03T13:16:07","slug":"boneler","status":"publish","type":"page","link":"https:\/\/medical.savagrup.com\/?page_id=13749","title":{"rendered":"Bone"},"content":{"rendered":"<p>[vc_row][vc_column width=&#8221;1\/3&#8243;][\/vc_column][vc_column width=&#8221;1\/3&#8243;][vc_column_text]<\/p>\n<h3 style=\"text-align: center;\"><strong>BONE<\/strong><\/h3>\n<p>[\/vc_column_text][vc_column_text]<\/p>\n<ul>\n<li style=\"text-align: left;\">%100 spunbond kuma\u015f&#8217;dan yap\u0131lm\u0131\u015ft\u0131r.<\/li>\n<li style=\"text-align: left;\">Dayan\u0131kl\u0131l\u0131k \u00e7ift taraf\u0131ndan diki\u015f ile sa\u011flan\u0131r.<\/li>\n<li style=\"text-align: left;\">Kullan\u0131m\u0131 kolayd\u0131r ve dayan\u0131kl\u0131d\u0131r.<\/li>\n<li style=\"text-align: left;\">Ultrasonik \u00e7ift diki\u015f<\/li>\n<li style=\"text-align: left;\">Geni\u015flik \/ Uzunluk 42cm \/ 52cm (XL)<\/li>\n<li style=\"text-align: left;\">1 Paket&#8217;te 100 Adet vard\u0131r.<\/li>\n<\/ul>\n<p>[\/vc_column_text][\/vc_column][vc_column width=&#8221;1\/3&#8243;][\/vc_column][\/vc_row][vc_row][vc_column width=&#8221;1\/3&#8243;][vc_single_image image=&#8221;13886&#8243; img_size=&#8221;450&#215;450&#8243;][\/vc_column][vc_column width=&#8221;1\/3&#8243;][vc_single_image image=&#8221;13885&#8243; img_size=&#8221;450&#215;450&#8243;][\/vc_column][vc_column width=&#8221;1\/3&#8243;][vc_single_image image=&#8221;13887&#8243; img_size=&#8221;450&#215;390&#8243;][\/vc_column][\/vc_row][vc_row][vc_column][vc_column_text]<\/p>\n<p style=\"text-align: center;\">\u00dcr\u00fcnlerimiz hakk\u0131nda daha fazla bilgi i\u00e7in bizimle ileti\u015fime ge\u00e7ebilir veya <a href=\"https:\/\/medical.savagrup.com\/Savamed_catalogue_EN.pdf\">buradan<\/a> katalo\u011fumuzu inceleyebilirsiniz.<\/p>\n<p>[\/vc_column_text][\/vc_column][\/vc_row]<\/p>\n","protected":false},"excerpt":{"rendered":"<p>[vc_row][vc_column width=&#8221;1\/3&#8243;][\/vc_column][vc_column width=&#8221;1\/3&#8243;][vc_column_text] BONE [\/vc_column_text][vc_column_text] %100 spunbond kuma\u015f&#8217;dan yap\u0131lm\u0131\u015ft\u0131r. Dayan\u0131kl\u0131l\u0131k \u00e7ift taraf\u0131ndan diki\u015f ile sa\u011flan\u0131r. Kullan\u0131m\u0131 kolayd\u0131r ve dayan\u0131kl\u0131d\u0131r. Ultrasonik \u00e7ift diki\u015f Geni\u015flik \/ Uzunluk 42cm \/ 52cm (XL) 1 Paket&#8217;te 100 Adet vard\u0131r. [\/vc_column_text][\/vc_column][vc_column width=&#8221;1\/3&#8243;][\/vc_column][\/vc_row][vc_row][vc_column width=&#8221;1\/3&#8243;][vc_single_image image=&#8221;13886&#8243; img_size=&#8221;450&#215;450&#8243;][\/vc_column][vc_column width=&#8221;1\/3&#8243;][vc_single_image image=&#8221;13885&#8243; img_size=&#8221;450&#215;450&#8243;][\/vc_column][vc_column width=&#8221;1\/3&#8243;][vc_single_image image=&#8221;13887&#8243; img_size=&#8221;450&#215;390&#8243;][\/vc_column][\/vc_row][vc_row][vc_column][vc_column_text] \u00dcr\u00fcnlerimiz hakk\u0131nda daha fazla bilgi i\u00e7in bizimle ileti\u015fime ge\u00e7ebilir veya [&hellip;]<\/p>\n","protected":false},"author":2,"featured_media":0,"parent":0,"menu_order":0,"comment_status":"closed","ping_status":"closed","template":"","meta":{"footnotes":""},"class_list":["post-13749","page","type-page","status-publish","hentry"],"lang":"tr","translations":{"en":14020,"tr":13749,"de":14029},"pll_sync_post":[],"_links":{"self":[{"href":"https:\/\/medical.savagrup.com\/index.php?rest_route=\/wp\/v2\/pages\/13749","targetHints":{"allow":["GET"]}}],"collection":[{"href":"https:\/\/medical.savagrup.com\/index.php?rest_route=\/wp\/v2\/pages"}],"about":[{"href":"https:\/\/medical.savagrup.com\/index.php?rest_route=\/wp\/v2\/types\/page"}],"author":[{"embeddable":true,"href":"https:\/\/medical.savagrup.com\/index.php?rest_route=\/wp\/v2\/users\/2"}],"replies":[{"embeddable":true,"href":"https:\/\/medical.savagrup.com\/index.php?rest_route=%2Fwp%2Fv2%2Fcomments&post=13749"}],"version-history":[{"count":14,"href":"https:\/\/medical.savagrup.com\/index.php?rest_route=\/wp\/v2\/pages\/13749\/revisions"}],"predecessor-version":[{"id":13928,"href":"https:\/\/medical.savagrup.com\/index.php?rest_route=\/wp\/v2\/pages\/13749\/revisions\/13928"}],"wp:attachment":[{"href":"https:\/\/medical.savagrup.com\/index.php?rest_route=%2Fwp%2Fv2%2Fmedia&parent=13749"}],"curies":[{"name":"wp","href":"https:\/\/api.w.org\/{rel}","templated":true}]}}