{"id":13753,"date":"2021-12-01T15:30:30","date_gmt":"2021-12-01T12:30:30","guid":{"rendered":"https:\/\/medical.savagrup.com\/?page_id=13753"},"modified":"2021-12-03T12:43:41","modified_gmt":"2021-12-03T09:43:41","slug":"galoslar","status":"publish","type":"page","link":"https:\/\/medical.savagrup.com\/?page_id=13753","title":{"rendered":"Galo\u015f"},"content":{"rendered":"<p>[vc_row][vc_column width=&#8221;1\/3&#8243;][\/vc_column][vc_column width=&#8221;1\/3&#8243;][vc_column_text]<\/p>\n<h3 style=\"text-align: center;\"><strong>GALO\u015e<\/strong><\/h3>\n<p>[\/vc_column_text][vc_column_text]<\/p>\n<ul>\n<li style=\"text-align: left;\">%100 polietilenden yap\u0131lm\u0131\u015ft\u0131r.<\/li>\n<li style=\"text-align: left;\">Kal\u0131nl\u0131k tek katman i\u00e7in 10 mikrondur. (Toplam 20 mikron)<\/li>\n<li style=\"text-align: left;\">Dayan\u0131kl\u0131l\u0131k i\u00e7in \u00e7ift diki\u015fli \u00fcretilmektedir.<\/li>\n<li style=\"text-align: left;\">Kullan\u0131m\u0131 kolayd\u0131r ve dayan\u0131kl\u0131d\u0131r<\/li>\n<\/ul>\n<p>[\/vc_column_text][\/vc_column][vc_column width=&#8221;1\/3&#8243;][\/vc_column][\/vc_row][vc_row][vc_column width=&#8221;1\/3&#8243;][vc_single_image image=&#8221;13900&#8243;][\/vc_column][vc_column width=&#8221;1\/3&#8243;][vc_single_image image=&#8221;13901&#8243;][\/vc_column][vc_column width=&#8221;1\/3&#8243;][vc_single_image image=&#8221;13902&#8243;][\/vc_column][\/vc_row][vc_row][vc_column][vc_column_text]<\/p>\n<p style=\"text-align: center;\">\u00dcr\u00fcnlerimiz hakk\u0131nda daha fazla bilgi i\u00e7in bizimle ileti\u015fime ge\u00e7ebilir veya\u00a0<a href=\"https:\/\/medical.savagrup.com\/Savamed_catalogue_EN.pdf\">buradan<\/a>\u00a0katalo\u011fumuzu inceleyebilirsiniz.<\/p>\n<p>[\/vc_column_text][\/vc_column][\/vc_row]<\/p>\n","protected":false},"excerpt":{"rendered":"<p>[vc_row][vc_column width=&#8221;1\/3&#8243;][\/vc_column][vc_column width=&#8221;1\/3&#8243;][vc_column_text] GALO\u015e [\/vc_column_text][vc_column_text] %100 polietilenden yap\u0131lm\u0131\u015ft\u0131r. Kal\u0131nl\u0131k tek katman i\u00e7in 10 mikrondur. (Toplam 20 mikron) Dayan\u0131kl\u0131l\u0131k i\u00e7in \u00e7ift diki\u015fli \u00fcretilmektedir. Kullan\u0131m\u0131 kolayd\u0131r ve dayan\u0131kl\u0131d\u0131r [\/vc_column_text][\/vc_column][vc_column width=&#8221;1\/3&#8243;][\/vc_column][\/vc_row][vc_row][vc_column width=&#8221;1\/3&#8243;][vc_single_image image=&#8221;13900&#8243;][\/vc_column][vc_column width=&#8221;1\/3&#8243;][vc_single_image image=&#8221;13901&#8243;][\/vc_column][vc_column width=&#8221;1\/3&#8243;][vc_single_image image=&#8221;13902&#8243;][\/vc_column][\/vc_row][vc_row][vc_column][vc_column_text] \u00dcr\u00fcnlerimiz hakk\u0131nda daha fazla bilgi i\u00e7in bizimle ileti\u015fime ge\u00e7ebilir veya\u00a0buradan\u00a0katalo\u011fumuzu inceleyebilirsiniz. [\/vc_column_text][\/vc_column][\/vc_row]<\/p>\n","protected":false},"author":2,"featured_media":0,"parent":0,"menu_order":0,"comment_status":"closed","ping_status":"closed","template":"","meta":{"footnotes":""},"class_list":["post-13753","page","type-page","status-publish","hentry"],"lang":"tr","translations":{"de":14073,"tr":13753,"en":14167},"pll_sync_post":[],"_links":{"self":[{"href":"https:\/\/medical.savagrup.com\/index.php?rest_route=\/wp\/v2\/pages\/13753","targetHints":{"allow":["GET"]}}],"collection":[{"href":"https:\/\/medical.savagrup.com\/index.php?rest_route=\/wp\/v2\/pages"}],"about":[{"href":"https:\/\/medical.savagrup.com\/index.php?rest_route=\/wp\/v2\/types\/page"}],"author":[{"embeddable":true,"href":"https:\/\/medical.savagrup.com\/index.php?rest_route=\/wp\/v2\/users\/2"}],"replies":[{"embeddable":true,"href":"https:\/\/medical.savagrup.com\/index.php?rest_route=%2Fwp%2Fv2%2Fcomments&post=13753"}],"version-history":[{"count":9,"href":"https:\/\/medical.savagrup.com\/index.php?rest_route=\/wp\/v2\/pages\/13753\/revisions"}],"predecessor-version":[{"id":13927,"href":"https:\/\/medical.savagrup.com\/index.php?rest_route=\/wp\/v2\/pages\/13753\/revisions\/13927"}],"wp:attachment":[{"href":"https:\/\/medical.savagrup.com\/index.php?rest_route=%2Fwp%2Fv2%2Fmedia&parent=13753"}],"curies":[{"name":"wp","href":"https:\/\/api.w.org\/{rel}","templated":true}]}}