{"id":13760,"date":"2021-12-01T15:32:38","date_gmt":"2021-12-01T12:32:38","guid":{"rendered":"https:\/\/medical.savagrup.com\/?page_id=13760"},"modified":"2021-12-06T11:49:12","modified_gmt":"2021-12-06T08:49:12","slug":"onlukler","status":"publish","type":"page","link":"https:\/\/medical.savagrup.com\/?page_id=13760","title":{"rendered":"\u00d6nl\u00fck"},"content":{"rendered":"<p>[vc_row][vc_column width=&#8221;1\/2&#8243;][vc_column_text]<\/p>\n<h3 style=\"text-align: center;\"><strong>CERRAH\u0130 \u00d6NL\u00dcK<\/strong><\/h3>\n<p>[\/vc_column_text][vc_column_text]<\/p>\n<ul>\n<li>Cerrahi \u00f6nl\u00fckler 4 farkl\u0131 kuma\u015f tipi ile \u00fcretilebilmektedir.<\/li>\n<li>SS 40gr Hidrofobik Kuma\u015f (Spunbond, Spunbond)<\/li>\n<li>SMS 40gr Hidrofobik Kuma\u015f (Spunbond, Meltblown, spunbond)<\/li>\n<li>SMMS 40gr Hidrofobik Kuma\u015f (Spunbond, Meltblown, Meltblown, Spunbond)<\/li>\n<li>SSMMS 56gr takviyeli lamine Kuma\u015f (Spunbond,Spunbond, Meltblown, Meltblown, spunbond)<\/li>\n<li>\u00dcr\u00fcnlerimiz sterildir.<\/li>\n<li>Bay ve Bayan kullan\u0131m\u0131 i\u00e7in uygundur.<\/li>\n<\/ul>\n<p>[\/vc_column_text][\/vc_column][vc_column width=&#8221;1\/2&#8243;][vc_column_text]<\/p>\n<h3 style=\"text-align: center;\"><strong>Y\u00dcKSEK KORUMA \u00d6NL\u00dcK<\/strong><\/h3>\n<p>[\/vc_column_text][vc_column_text]<\/p>\n<ul>\n<li>56 gr\/m lamine<\/li>\n<li>\u0130\u00e7i pamuklu, su ge\u00e7irmez.<\/li>\n<li>partik\u00fcl i\u00e7ermez, bakteri i\u00e7ermez, hafif ve yumu\u015fak.<\/li>\n<li>4 iplik, overlok diki\u015fli<\/li>\n<li>Y\u00fcksek koruma seviyesi<\/li>\n<li>Y\u00fcksek kaliteli, tek kullan\u0131ml\u0131k<\/li>\n<li>Bay ve Bayan kullan\u0131m\u0131 i\u00e7in uygundur.<\/li>\n<\/ul>\n<p>[\/vc_column_text][\/vc_column][\/vc_row][vc_row][vc_column width=&#8221;1\/4&#8243;][vc_single_image image=&#8221;13907&#8243; img_size=&#8221;300&#215;550&#8243;][\/vc_column][vc_column width=&#8221;1\/4&#8243;][vc_single_image image=&#8221;13931&#8243; img_size=&#8221;300&#215;550&#8243;][\/vc_column][vc_column width=&#8221;1\/4&#8243;][vc_single_image image=&#8221;13910&#8243; img_size=&#8221;300&#215;550&#8243;][\/vc_column][vc_column width=&#8221;1\/4&#8243;][vc_single_image image=&#8221;13932&#8243; img_size=&#8221;300&#215;550&#8243;][\/vc_column][\/vc_row][vc_row][vc_column][vc_column_text]<\/p>\n<p style=\"text-align: center;\">\u00dcr\u00fcnlerimiz hakk\u0131nda daha fazla bilgi i\u00e7in bizimle ileti\u015fime ge\u00e7ebilir veya\u00a0<a href=\"https:\/\/medical.savagrup.com\/Savamed_catalogue_EN.pdf\">buradan<\/a>\u00a0katalo\u011fumuzu inceleyebilirsiniz.<\/p>\n<p>[\/vc_column_text][\/vc_column][\/vc_row]<\/p>\n","protected":false},"excerpt":{"rendered":"<p>[vc_row][vc_column width=&#8221;1\/2&#8243;][vc_column_text] CERRAH\u0130 \u00d6NL\u00dcK [\/vc_column_text][vc_column_text] Cerrahi \u00f6nl\u00fckler 4 farkl\u0131 kuma\u015f tipi ile \u00fcretilebilmektedir. SS 40gr Hidrofobik Kuma\u015f (Spunbond, Spunbond) SMS 40gr Hidrofobik Kuma\u015f (Spunbond, Meltblown, spunbond) SMMS 40gr Hidrofobik Kuma\u015f (Spunbond, Meltblown, Meltblown, Spunbond) SSMMS 56gr takviyeli lamine Kuma\u015f (Spunbond,Spunbond, Meltblown, Meltblown, spunbond) \u00dcr\u00fcnlerimiz sterildir. Bay ve Bayan kullan\u0131m\u0131 i\u00e7in uygundur. [\/vc_column_text][\/vc_column][vc_column width=&#8221;1\/2&#8243;][vc_column_text] Y\u00dcKSEK KORUMA [&hellip;]<\/p>\n","protected":false},"author":2,"featured_media":0,"parent":0,"menu_order":0,"comment_status":"closed","ping_status":"closed","template":"","meta":{"footnotes":""},"class_list":["post-13760","page","type-page","status-publish","hentry"],"lang":"tr","translations":{"de":14098,"tr":13760,"en":14176},"pll_sync_post":[],"_links":{"self":[{"href":"https:\/\/medical.savagrup.com\/index.php?rest_route=\/wp\/v2\/pages\/13760","targetHints":{"allow":["GET"]}}],"collection":[{"href":"https:\/\/medical.savagrup.com\/index.php?rest_route=\/wp\/v2\/pages"}],"about":[{"href":"https:\/\/medical.savagrup.com\/index.php?rest_route=\/wp\/v2\/types\/page"}],"author":[{"embeddable":true,"href":"https:\/\/medical.savagrup.com\/index.php?rest_route=\/wp\/v2\/users\/2"}],"replies":[{"embeddable":true,"href":"https:\/\/medical.savagrup.com\/index.php?rest_route=%2Fwp%2Fv2%2Fcomments&post=13760"}],"version-history":[{"count":22,"href":"https:\/\/medical.savagrup.com\/index.php?rest_route=\/wp\/v2\/pages\/13760\/revisions"}],"predecessor-version":[{"id":14188,"href":"https:\/\/medical.savagrup.com\/index.php?rest_route=\/wp\/v2\/pages\/13760\/revisions\/14188"}],"wp:attachment":[{"href":"https:\/\/medical.savagrup.com\/index.php?rest_route=%2Fwp%2Fv2%2Fmedia&parent=13760"}],"curies":[{"name":"wp","href":"https:\/\/api.w.org\/{rel}","templated":true}]}}