{"id":13812,"date":"2018-02-21T14:08:08","date_gmt":"2018-02-21T11:08:08","guid":{"rendered":"https:\/\/www.demo.themicart.com\/interico-wp\/?page_id=8552"},"modified":"2021-12-06T17:22:06","modified_gmt":"2021-12-06T14:22:06","slug":"demo-10-3","status":"publish","type":"page","link":"https:\/\/medical.savagrup.com\/?page_id=13812&lang=en","title":{"rendered":"ANA SAYFA &#8211; English"},"content":{"rendered":"<p>[vc_row][vc_column][vc_column_text]<div id=\"metaslider-id-14295\" style=\"width: 100%;\" class=\"ml-slider-3-27-13 metaslider metaslider-flex metaslider-14295 ml-slider ms-theme-highway nav-hidden\">\n    <div id=\"metaslider_container_14295\">\n        <div id=\"metaslider_14295\">\n            <ul aria-live=\"polite\" class=\"slides\">\n                <li style=\"display: block; width: 100%;\" class=\"slide-14296 ms-image\"><img loading=\"lazy\" decoding=\"async\" src=\"https:\/\/medical.savagrup.com\/wp-content\/uploads\/2021\/12\/uretim_01-2-1200x600.jpg\" height=\"600\" width=\"1200\" alt=\"\" class=\"slider-14295 slide-14296\" title=\"uretim_01\" \/><div class=\"caption-wrap\"><div class=\"caption\"><h2 style=\"text-align:center;\"><strong>Your Health is Important to Us<\/strong><\/h2><\/div><\/div><\/li>\n                <li style=\"display: none; width: 100%;\" class=\"slide-14298 ms-image\"><img loading=\"lazy\" decoding=\"async\" src=\"https:\/\/medical.savagrup.com\/wp-content\/uploads\/2021\/12\/uretim_03-1-1024x512.jpeg\" height=\"600\" width=\"1200\" alt=\"\" class=\"slider-14295 slide-14298\" title=\"uretim_03\" \/><div class=\"caption-wrap\"><div class=\"caption\"><h2 style=\"text-align:center;\"><strong>Hygiene And Quality Awareness<\/strong><\/h2><\/div><\/div><\/li>\n            <\/ul>\n        <\/div>\n        \n    <\/div>\n<\/div>[\/vc_column_text][\/vc_column][\/vc_row][vc_row full_width=&#8221;stretch_row&#8221; css=&#8221;.vc_custom_1534928377326{background-color: #f5f5f5 !important;}&#8221;][vc_column width=&#8221;1\/4&#8243; css=&#8221;.vc_custom_1534926839578{padding-top: 0px !important;padding-right: 0px !important;}&#8221;]<a href=\"https:\/\/medical.savagrup.com\/?page_id=14198&#038;lang=en\"><div class=\"feature-box icon-large-left box-hovered spacing-0 spacing-mob-30\"><span class=\"lnr lnr-license\"><\/span><div class=\"content-wrapper\"><h3 class=\"feature-title\">Our Certificates<\/h3><div class=\"btn-read-more\">View<\/div><\/div><\/div><\/a>[\/vc_column][vc_column width=&#8221;1\/4&#8243; css=&#8221;.vc_custom_1534926848043{padding-top: 0px !important;padding-right: 0px !important;padding-left: 0px !important;}&#8221;]<a href=\"https:\/\/medical.savagrup.com\/?page_id=14213&#038;lang=en\"><div class=\"feature-box icon-large-left box-hovered spacing-0 spacing-mob-30\"><span class=\"lnr lnr-train\"><\/span><div class=\"content-wrapper\"><h3 class=\"feature-title\">Logistics<\/h3><div class=\"btn-read-more\">View<\/div><\/div><\/div><\/a>[\/vc_column][vc_column width=&#8221;1\/4&#8243; css=&#8221;.vc_custom_1534926855140{padding-top: 0px !important;padding-right: 0px !important;padding-left: 0px !important;}&#8221;]<a href=\"https:\/\/medical.savagrup.com\/Savamed_catalogue_EN.pdf\"><div class=\"feature-box icon-large-left box-hovered spacing-0 spacing-mob-30\"><span class=\"lnr lnr-file-empty\"><\/span><div class=\"content-wrapper\"><h3 class=\"feature-title\">Our Catalog<\/h3><div class=\"btn-read-more\">View<\/div><\/div><\/div><\/a>[\/vc_column][vc_column width=&#8221;1\/4&#8243; css=&#8221;.vc_custom_1534926865189{padding-top: 0px !important;padding-left: 0px !important;}&#8221;]<a href=\"https:\/\/covid19.who.int\/\"><div class=\"feature-box icon-large-left box-hovered spacing-0 spacing-mob-30\"><span class=\"lnr lnr-heart-pulse\"><\/span><div class=\"content-wrapper\"><h3 class=\"feature-title\">Covid-19 Current<\/h3><div class=\"btn-read-more\">View<\/div><\/div><\/div><\/a>[\/vc_column][vc_column][vc_row_inner][vc_column_inner][vc_separator][vc_column_text]<\/p>\n<h3 style=\"text-align: center;\"><strong>Quality, Customer Focused Production<\/strong><\/h3>\n<p>[\/vc_column_text][\/vc_column_inner][\/vc_row_inner][vc_column_text]<\/p>\n<p style=\"text-align: center;\">As Sava medical, we continue our activities in medical products without sacrificing hygiene and quality.<br \/>\nWe prioritize the hygienic fact, which is the most important issue in our production.<br \/>\nWe set our targets with the awareness of this fact until the use of the end consumer.<br \/>\nWe take our steps with the principle of customer satisfaction and sustainability.<\/p>\n<p style=\"text-align: center;\">We export to many countries of the world, especially to Europe and Scandinavian countries.<br \/>\nWe have a daily production capacity of 750,000 disposable masks, 250,000 pieces of FFP2, FFP3 (filter, non-filter), 250,000 pieces of bone and various medical products.<\/p>\n<p>[\/vc_column_text][\/vc_column][\/vc_row][vc_row full_width=&#8221;stretch_row&#8221; equal_height=&#8221;yes&#8221; content_placement=&#8221;middle&#8221; el_class=&#8221;spaced&#8221;][vc_column][vc_column_text]<\/p>\n<h2 id=\"urunler\" style=\"text-align: center;\"><strong>Products<\/strong><\/h2>\n<p>[\/vc_column_text][vc_row_inner][vc_column_inner width=&#8221;1\/3&#8243;][vc_single_image image=&#8221;13696&#8243; img_size=&#8221;450&#215;300&#8243; add_caption=&#8221;yes&#8221; alignment=&#8221;center&#8221; onclick=&#8221;custom_link&#8221; title=&#8221;Mask&#8221; link=&#8221;https:\/\/medical.savagrup.com\/?page_id=14152&amp;lang=en&#8221;][\/vc_column_inner][vc_column_inner width=&#8221;1\/3&#8243;][vc_single_image image=&#8221;13634&#8243; img_size=&#8221;450&#215;300&#8243; add_caption=&#8221;yes&#8221; alignment=&#8221;center&#8221; onclick=&#8221;custom_link&#8221; title=&#8221;Bonnet&#8221; link=&#8221;https:\/\/medical.savagrup.com\/?page_id=14020&amp;lang=en&#8221;][\/vc_column_inner][vc_column_inner width=&#8221;1\/3&#8243;][vc_single_image image=&#8221;13703&#8243; img_size=&#8221;450&#215;300&#8243; add_caption=&#8221;yes&#8221; alignment=&#8221;center&#8221; onclick=&#8221;custom_link&#8221; title=&#8221;Overshoe&#8221; link=&#8221;https:\/\/medical.savagrup.com\/?page_id=14167&amp;lang=en&#8221;][\/vc_column_inner][\/vc_row_inner][vc_row_inner][vc_column_inner width=&#8221;1\/2&#8243;][vc_single_image image=&#8221;13707&#8243; img_size=&#8221;600&#215;300&#8243; add_caption=&#8221;yes&#8221; alignment=&#8221;center&#8221; onclick=&#8221;custom_link&#8221; title=&#8221;Gown&#8221; link=&#8221;https:\/\/medical.savagrup.com\/?page_id=14176&amp;lang=en&#8221;][\/vc_column_inner][vc_column_inner width=&#8221;1\/2&#8243;][vc_single_image image=&#8221;13708&#8243; img_size=&#8221;600&#215;300&#8243; add_caption=&#8221;yes&#8221; alignment=&#8221;center&#8221; onclick=&#8221;custom_link&#8221; title=&#8221;Overalls&#8221; link=&#8221;https:\/\/medical.savagrup.com\/?page_id=14189&amp;lang=en&#8221;][\/vc_column_inner][\/vc_row_inner][\/vc_column][\/vc_row][vc_row full_width=&#8221;stretch_row&#8221; css=&#8221;.vc_custom_1536827205448{padding-top: 80px !important;padding-bottom: 80px !important;background: #f5f5f5 url(https:\/\/themicart.com\/interico-wpb\/wp-content\/uploads\/2018\/03\/vertical-lines-3-1.png?id=9229) !important;background-position: 0 0 !important;background-repeat: repeat !important;}&#8221;][vc_column][vc_row_inner css=&#8221;.vc_custom_1636913512528{margin-bottom: 45px !important;}&#8221;][vc_column_inner][vc_column_text]<\/p>\n<h2 id=\"uretim\" style=\"text-align: center;\"><strong>Manufacture<\/strong><\/h2>\n<p>[\/vc_column_text][\/vc_column_inner][\/vc_row_inner][vc_row_inner][vc_column_inner width=&#8221;1\/3&#8243;][vc_single_image image=&#8221;13714&#8243;][\/vc_column_inner][vc_column_inner width=&#8221;1\/3&#8243;][vc_single_image image=&#8221;13718&#8243;][\/vc_column_inner][vc_column_inner width=&#8221;1\/3&#8243;][vc_single_image image=&#8221;13716&#8243;][\/vc_column_inner][\/vc_row_inner][\/vc_column][vc_column][vc_row_inner][vc_column_inner width=&#8221;1\/3&#8243;][vc_video link=&#8221;https:\/\/vimeo.com\/652471856&#8243;][\/vc_column_inner][vc_column_inner width=&#8221;1\/3&#8243;][vc_video link=&#8221;https:\/\/vimeo.com\/652470790&#8243;][\/vc_column_inner][vc_column_inner width=&#8221;1\/3&#8243;][vc_video link=&#8221;https:\/\/vimeo.com\/652472022&#8243;][\/vc_column_inner][\/vc_row_inner][\/vc_column][\/vc_row][vc_row][vc_column css=&#8221;.vc_custom_1637050308160{margin-top: 100px !important;}&#8221;][vc_column_text]<\/p>\n<h2 id=\"iletisim\">Contact<\/h2>\n<p><strong>Sava Medical San. Tic. Ltd. \u015eti.<\/strong><br \/>\nAddress:\u00a0 \u00a0\u0130zmir Free Zone Ard\u0131\u00e7 Sk. No:21 Menemen \u0130zmir Turkiye<br \/>\nE-Mail:\u00a0 \u00a0 \u00a0 <a href=\"mailto:info@savagrup.com\">info@savagrup.com<\/a>[\/vc_column_text][vc_gmaps link=&#8221;#E-8_JTNDaWZyYW1lJTIwc3JjJTNEJTIyaHR0cHMlM0ElMkYlMkZ3d3cuZ29vZ2xlLmNvbSUyRm1hcHMlMkZlbWJlZCUzRnBiJTNEJTIxMW0xOCUyMTFtMTIlMjExbTMlMjExZDMxMTcuNTg0NzMzMzgxOTcwNiUyMTJkMjYuOTM2Mjk1Mjk5MzMxMDU0JTIxM2QzOC42MTI0MjcyNjM1MDAwNyUyMTJtMyUyMTFmMCUyMTJmMCUyMTNmMCUyMTNtMiUyMTFpMTAyNCUyMTJpNzY4JTIxNGYxMy4xJTIxM20zJTIxMW0yJTIxMXMweDE0YmJjYzMzNTdlM2E0N2YlMjUzQTB4Zjk5N2UzMWI0ZmQ3OTQwNSUyMTJ6VFdGc2RHVndaU0JUWlhKaVpYTjBJRUxEdG14blpYTnBMQ0JCY21URXNjT25JRk5yTGlCT2J6b3lNU3dnTXpVMk56UWdUV1Z1WlcxbGJpX0VzSHB0YVhJJTIxNWUwJTIxM20yJTIxMXN0ciUyMTJzdHIlMjE0djE2Mzg0NTM3Njg5MzUlMjE1bTIlMjExc3RyJTIxMnN0ciUyMiUyMHdpZHRoJTNEJTIyNjAwJTIyJTIwaGVpZ2h0JTNEJTIyNDUwJTIyJTIwc3R5bGUlM0QlMjJib3JkZXIlM0EwJTNCJTIyJTIwYWxsb3dmdWxsc2NyZWVuJTNEJTIyJTIyJTIwbG9hZGluZyUzRCUyMmxhenklMjIlM0UlM0MlMkZpZnJhbWUlM0U=&#8221;][\/vc_column][\/vc_row]<\/p>\n","protected":false},"excerpt":{"rendered":"<p>[vc_row][vc_column][vc_column_text][\/vc_column_text][\/vc_column][\/vc_row][vc_row full_width=&#8221;stretch_row&#8221; css=&#8221;.vc_custom_1534928377326{background-color: #f5f5f5 !important;}&#8221;][vc_column width=&#8221;1\/4&#8243; css=&#8221;.vc_custom_1534926839578{padding-top: 0px !important;padding-right: 0px !important;}&#8221;][\/vc_column][vc_column width=&#8221;1\/4&#8243; css=&#8221;.vc_custom_1534926848043{padding-top: 0px !important;padding-right: 0px !important;padding-left: 0px !important;}&#8221;][\/vc_column][vc_column width=&#8221;1\/4&#8243; css=&#8221;.vc_custom_1534926855140{padding-top: 0px !important;padding-right: 0px !important;padding-left: 0px !important;}&#8221;][\/vc_column][vc_column width=&#8221;1\/4&#8243; css=&#8221;.vc_custom_1534926865189{padding-top: 0px !important;padding-left: 0px !important;}&#8221;][\/vc_column][vc_column][vc_row_inner][vc_column_inner][vc_separator][vc_column_text] Quality, Customer Focused Production [\/vc_column_text][\/vc_column_inner][\/vc_row_inner][vc_column_text] As Sava medical, we continue our activities in medical products without sacrificing hygiene and quality. We prioritize [&hellip;]<\/p>\n","protected":false},"author":2,"featured_media":0,"parent":0,"menu_order":0,"comment_status":"closed","ping_status":"closed","template":"page-slider.php","meta":{"footnotes":""},"class_list":["post-13812","page","type-page","status-publish","hentry"],"lang":"en","translations":{"tr":8552,"de":13808,"en":13812},"pll_sync_post":[],"_links":{"self":[{"href":"https:\/\/medical.savagrup.com\/index.php?rest_route=\/wp\/v2\/pages\/13812","targetHints":{"allow":["GET"]}}],"collection":[{"href":"https:\/\/medical.savagrup.com\/index.php?rest_route=\/wp\/v2\/pages"}],"about":[{"href":"https:\/\/medical.savagrup.com\/index.php?rest_route=\/wp\/v2\/types\/page"}],"author":[{"embeddable":true,"href":"https:\/\/medical.savagrup.com\/index.php?rest_route=\/wp\/v2\/users\/2"}],"replies":[{"embeddable":true,"href":"https:\/\/medical.savagrup.com\/index.php?rest_route=%2Fwp%2Fv2%2Fcomments&post=13812"}],"version-history":[{"count":22,"href":"https:\/\/medical.savagrup.com\/index.php?rest_route=\/wp\/v2\/pages\/13812\/revisions"}],"predecessor-version":[{"id":14312,"href":"https:\/\/medical.savagrup.com\/index.php?rest_route=\/wp\/v2\/pages\/13812\/revisions\/14312"}],"wp:attachment":[{"href":"https:\/\/medical.savagrup.com\/index.php?rest_route=%2Fwp%2Fv2%2Fmedia&parent=13812"}],"curies":[{"name":"wp","href":"https:\/\/api.w.org\/{rel}","templated":true}]}}