{"id":13861,"date":"2021-12-03T00:10:32","date_gmt":"2021-12-02T21:10:32","guid":{"rendered":"https:\/\/medical.savagrup.com\/?page_id=13861"},"modified":"2021-12-03T14:35:20","modified_gmt":"2021-12-03T11:35:20","slug":"lojistik","status":"publish","type":"page","link":"https:\/\/medical.savagrup.com\/?page_id=13861","title":{"rendered":"Lojistik"},"content":{"rendered":"<p>[vc_row][vc_column width=&#8221;1\/2&#8243;][vc_column_text]<\/p>\n<ul>\n<li>Deniz veya karayolu ta\u015f\u0131mac\u0131l\u0131\u011f\u0131na en uygun paletli y\u00fckleme yap\u0131lmaktad\u0131r.<\/li>\n<li>Paletli ve Stre\u00e7 film uygulayarak indirmede zamandan tasarruf sa\u011flanmaktad\u0131r.<\/li>\n<li>En g\u00fcvenilir ve en h\u0131zl\u0131 \u015fekilde \u00fcr\u00fcn\u00fcn m\u00fc\u015fterinin hizmetine sunmaktay\u0131z.<\/li>\n<li>Deniz yolu i\u00e7in ;<br \/>\n1 adet 40\u201dHC Konteyner 22 palet al\u0131r. Her palette 30 koli vard\u0131r.<\/li>\n<li>Karayolu i\u00e7in ;<br \/>\n1 T\u0131r 33 palet al\u0131r. Her palette 24 adet koli vard\u0131r.<\/li>\n<\/ul>\n<p>[\/vc_column_text][\/vc_column][vc_column width=&#8221;1\/2&#8243;][vc_single_image image=&#8221;13968&#8243;][\/vc_column][\/vc_row][vc_row][vc_column width=&#8221;1\/3&#8243;][vc_single_image image=&#8221;13970&#8243; img_size=&#8221;400&#215;450&#8243;][\/vc_column][vc_column width=&#8221;1\/3&#8243;][vc_single_image image=&#8221;13971&#8243; img_size=&#8221;400&#215;450&#8243;][\/vc_column][vc_column width=&#8221;1\/3&#8243;][vc_single_image image=&#8221;13972&#8243; img_size=&#8221;400&#215;450&#8243;][\/vc_column][\/vc_row][vc_row][vc_column width=&#8221;1\/3&#8243;][vc_single_image image=&#8221;13973&#8243; img_size=&#8221;400&#215;450&#8243;][\/vc_column][vc_column width=&#8221;1\/3&#8243;][vc_single_image image=&#8221;13974&#8243; img_size=&#8221;400&#215;450&#8243;][\/vc_column][vc_column width=&#8221;1\/3&#8243;][vc_single_image image=&#8221;13975&#8243; img_size=&#8221;400&#215;450&#8243;][\/vc_column][\/vc_row]<\/p>\n","protected":false},"excerpt":{"rendered":"<p>[vc_row][vc_column width=&#8221;1\/2&#8243;][vc_column_text] Deniz veya karayolu ta\u015f\u0131mac\u0131l\u0131\u011f\u0131na en uygun paletli y\u00fckleme yap\u0131lmaktad\u0131r. Paletli ve Stre\u00e7 film uygulayarak indirmede zamandan tasarruf sa\u011flanmaktad\u0131r. En g\u00fcvenilir ve en h\u0131zl\u0131 \u015fekilde \u00fcr\u00fcn\u00fcn m\u00fc\u015fterinin hizmetine sunmaktay\u0131z. Deniz yolu i\u00e7in ; 1 adet 40\u201dHC Konteyner 22 palet al\u0131r. Her palette 30 koli vard\u0131r. Karayolu i\u00e7in ; 1 T\u0131r 33 palet al\u0131r. Her [&hellip;]<\/p>\n","protected":false},"author":2,"featured_media":0,"parent":0,"menu_order":0,"comment_status":"closed","ping_status":"closed","template":"","meta":{"footnotes":""},"class_list":["post-13861","page","type-page","status-publish","hentry"],"lang":"tr","translations":{"de":14136,"tr":13861,"en":14213},"pll_sync_post":[],"_links":{"self":[{"href":"https:\/\/medical.savagrup.com\/index.php?rest_route=\/wp\/v2\/pages\/13861","targetHints":{"allow":["GET"]}}],"collection":[{"href":"https:\/\/medical.savagrup.com\/index.php?rest_route=\/wp\/v2\/pages"}],"about":[{"href":"https:\/\/medical.savagrup.com\/index.php?rest_route=\/wp\/v2\/types\/page"}],"author":[{"embeddable":true,"href":"https:\/\/medical.savagrup.com\/index.php?rest_route=\/wp\/v2\/users\/2"}],"replies":[{"embeddable":true,"href":"https:\/\/medical.savagrup.com\/index.php?rest_route=%2Fwp%2Fv2%2Fcomments&post=13861"}],"version-history":[{"count":10,"href":"https:\/\/medical.savagrup.com\/index.php?rest_route=\/wp\/v2\/pages\/13861\/revisions"}],"predecessor-version":[{"id":13981,"href":"https:\/\/medical.savagrup.com\/index.php?rest_route=\/wp\/v2\/pages\/13861\/revisions\/13981"}],"wp:attachment":[{"href":"https:\/\/medical.savagrup.com\/index.php?rest_route=%2Fwp%2Fv2%2Fmedia&parent=13861"}],"curies":[{"name":"wp","href":"https:\/\/api.w.org\/{rel}","templated":true}]}}