{"id":14029,"date":"2021-12-03T16:39:13","date_gmt":"2021-12-03T13:39:13","guid":{"rendered":"https:\/\/medical.savagrup.com\/?page_id=14029"},"modified":"2021-12-03T16:42:24","modified_gmt":"2021-12-03T13:42:24","slug":"motorhaube","status":"publish","type":"page","link":"https:\/\/medical.savagrup.com\/?page_id=14029&lang=de","title":{"rendered":"H\u00e4ubchen"},"content":{"rendered":"<p>[vc_row][vc_column width=&#8221;1\/3&#8243;][\/vc_column][vc_column width=&#8221;1\/3&#8243;][vc_column_text]<\/p>\n<h3 style=\"text-align: center;\">H\u00e4ubchen<\/h3>\n<p>[\/vc_column_text][vc_column_text]<\/p>\n<ul>\n<li>Es besteht aus 100 % Spinnvlies.<\/li>\n<li>Strapazierf\u00e4higkeit wird durch Doppeln\u00e4hte gew\u00e4hrleistet.<\/li>\n<li>Es ist einfach zu bedienen und langlebig.<\/li>\n<li>Ultraschall-Doppeln\u00e4hte<\/li>\n<li>Breite \/ L\u00e4nge 42cm \/ 52cm (XL)<\/li>\n<li>Es gibt 100 St\u00fcck in 1 Packung.<\/li>\n<\/ul>\n<p>[\/vc_column_text][\/vc_column][vc_column width=&#8221;1\/3&#8243;][\/vc_column][\/vc_row][vc_row][vc_column width=&#8221;1\/3&#8243;][vc_single_image image=&#8221;14030&#8243; img_size=&#8221;450&#215;450&#8243;][\/vc_column][vc_column width=&#8221;1\/3&#8243;][vc_single_image image=&#8221;14031&#8243; img_size=&#8221;450&#215;450&#8243;][\/vc_column][vc_column width=&#8221;1\/3&#8243;][vc_single_image image=&#8221;14032&#8243; img_size=&#8221;450&#215;450&#8243;][\/vc_column][\/vc_row][vc_row][vc_column][vc_column_text]<\/p>\n<p style=\"text-align: center;\">F\u00fcr weitere Informationen zu unseren Produkten k\u00f6nnen Sie uns kontaktieren oder hier <a href=\"https:\/\/medical.savagrup.com\/Savamed_catalogue_EN.pdf\">unseren Katalog einsehen<\/a>.<\/p>\n<p>[\/vc_column_text][\/vc_column][\/vc_row]<\/p>\n","protected":false},"excerpt":{"rendered":"<p>[vc_row][vc_column width=&#8221;1\/3&#8243;][\/vc_column][vc_column width=&#8221;1\/3&#8243;][vc_column_text] H\u00e4ubchen [\/vc_column_text][vc_column_text] Es besteht aus 100 % Spinnvlies. Strapazierf\u00e4higkeit wird durch Doppeln\u00e4hte gew\u00e4hrleistet. Es ist einfach zu bedienen und langlebig. Ultraschall-Doppeln\u00e4hte Breite \/ L\u00e4nge 42cm \/ 52cm (XL) Es gibt 100 St\u00fcck in 1 Packung. [\/vc_column_text][\/vc_column][vc_column width=&#8221;1\/3&#8243;][\/vc_column][\/vc_row][vc_row][vc_column width=&#8221;1\/3&#8243;][vc_single_image image=&#8221;14030&#8243; img_size=&#8221;450&#215;450&#8243;][\/vc_column][vc_column width=&#8221;1\/3&#8243;][vc_single_image image=&#8221;14031&#8243; img_size=&#8221;450&#215;450&#8243;][\/vc_column][vc_column width=&#8221;1\/3&#8243;][vc_single_image image=&#8221;14032&#8243; img_size=&#8221;450&#215;450&#8243;][\/vc_column][\/vc_row][vc_row][vc_column][vc_column_text] F\u00fcr weitere Informationen zu unseren Produkten [&hellip;]<\/p>\n","protected":false},"author":2,"featured_media":0,"parent":0,"menu_order":0,"comment_status":"closed","ping_status":"closed","template":"","meta":{"footnotes":""},"class_list":["post-14029","page","type-page","status-publish","hentry"],"lang":"de","translations":{"en":14020,"tr":13749,"de":14029},"pll_sync_post":[],"_links":{"self":[{"href":"https:\/\/medical.savagrup.com\/index.php?rest_route=\/wp\/v2\/pages\/14029","targetHints":{"allow":["GET"]}}],"collection":[{"href":"https:\/\/medical.savagrup.com\/index.php?rest_route=\/wp\/v2\/pages"}],"about":[{"href":"https:\/\/medical.savagrup.com\/index.php?rest_route=\/wp\/v2\/types\/page"}],"author":[{"embeddable":true,"href":"https:\/\/medical.savagrup.com\/index.php?rest_route=\/wp\/v2\/users\/2"}],"replies":[{"embeddable":true,"href":"https:\/\/medical.savagrup.com\/index.php?rest_route=%2Fwp%2Fv2%2Fcomments&post=14029"}],"version-history":[{"count":2,"href":"https:\/\/medical.savagrup.com\/index.php?rest_route=\/wp\/v2\/pages\/14029\/revisions"}],"predecessor-version":[{"id":14035,"href":"https:\/\/medical.savagrup.com\/index.php?rest_route=\/wp\/v2\/pages\/14029\/revisions\/14035"}],"wp:attachment":[{"href":"https:\/\/medical.savagrup.com\/index.php?rest_route=%2Fwp%2Fv2%2Fmedia&parent=14029"}],"curies":[{"name":"wp","href":"https:\/\/api.w.org\/{rel}","templated":true}]}}