{"id":14098,"date":"2021-12-04T16:09:32","date_gmt":"2021-12-04T13:09:32","guid":{"rendered":"https:\/\/medical.savagrup.com\/?page_id=14098"},"modified":"2021-12-04T16:30:49","modified_gmt":"2021-12-04T13:30:49","slug":"schuerze","status":"publish","type":"page","link":"https:\/\/medical.savagrup.com\/?page_id=14098&lang=de","title":{"rendered":"Sch\u00fcrze"},"content":{"rendered":"<p>[vc_row][vc_column width=&#8221;1\/2&#8243;][vc_column_text]<\/p>\n<h3 style=\"text-align: center;\"><strong>OP-Kittel<\/strong><\/h3>\n<p>[\/vc_column_text][vc_column_text]<\/p>\n<ul>\n<li>OP-M\u00e4ntel k\u00f6nnen mit 4 verschiedenen Stoffarten hergestellt werden.<\/li>\n<li>SS 40gr Hydrophobes Gewebe (Spunbond, Spunbond)<\/li>\n<li>SMS 40gr hydrophobes Gewebe (Spunbond, Meltblown, Spinnvlies)<\/li>\n<li>SMMS 40gr hydrophobes Gewebe (Spunbond, Meltblown, Meltblown, Spunbond)<\/li>\n<li>SSMMS 56gr verst\u00e4rktes laminiertes Gewebe (Spunbond, Spunbond, Meltblown, Meltblown, Spunbond)<\/li>\n<li>Unsere Produkte sind steril.<\/li>\n<li style=\"text-align: left;\">Geeignet f\u00fcr den m\u00e4nnlichen und weiblichen Gebrauch.<\/li>\n<\/ul>\n<p>[\/vc_column_text][\/vc_column][vc_column width=&#8221;1\/2&#8243;][vc_column_text]<\/p>\n<h3 style=\"text-align: center;\"><strong>Hochschutzsch\u00fcrze<\/strong><\/h3>\n<p>[\/vc_column_text][vc_column_text]<\/p>\n<ul style=\"text-align: left;\">\n<li>56 gr\/m laminiert<\/li>\n<li>Baumwolle innen, wasserdicht.<\/li>\n<li>partikelfrei, bakterienfrei, leicht und weich.<\/li>\n<li>4 F\u00e4den Overlock gen\u00e4ht<\/li>\n<li>Hohes Schutzniveau<\/li>\n<li>Hohe Qualit\u00e4t, Einweg<\/li>\n<li>Geeignet f\u00fcr den m\u00e4nnlichen und weiblichen Gebrauch.<\/li>\n<\/ul>\n<p>[\/vc_column_text][\/vc_column][\/vc_row][vc_row][vc_column width=&#8221;1\/4&#8243;][vc_single_image image=&#8221;14103&#8243; img_size=&#8221;300&#215;550&#8243;][\/vc_column][vc_column width=&#8221;1\/4&#8243;][vc_single_image image=&#8221;14104&#8243; img_size=&#8221;300&#215;550&#8243;][\/vc_column][vc_column width=&#8221;1\/4&#8243;][vc_single_image image=&#8221;14107&#8243; img_size=&#8221;300&#215;550&#8243;][\/vc_column][vc_column width=&#8221;1\/4&#8243;][vc_single_image image=&#8221;14108&#8243; img_size=&#8221;300&#215;550&#8243;][\/vc_column][\/vc_row][vc_row][vc_column][vc_column_text]<\/p>\n<p style=\"text-align: center;\">F\u00fcr weitere Informationen zu unseren Produkten k\u00f6nnen Sie uns kontaktieren oder hier\u00a0<a href=\"https:\/\/medical.savagrup.com\/Savamed_catalogue_EN.pdf\">unseren Katalog einsehen<\/a>.<\/p>\n<p>[\/vc_column_text][\/vc_column][\/vc_row]<\/p>\n","protected":false},"excerpt":{"rendered":"<p>[vc_row][vc_column width=&#8221;1\/2&#8243;][vc_column_text] OP-Kittel [\/vc_column_text][vc_column_text] OP-M\u00e4ntel k\u00f6nnen mit 4 verschiedenen Stoffarten hergestellt werden. SS 40gr Hydrophobes Gewebe (Spunbond, Spunbond) SMS 40gr hydrophobes Gewebe (Spunbond, Meltblown, Spinnvlies) SMMS 40gr hydrophobes Gewebe (Spunbond, Meltblown, Meltblown, Spunbond) SSMMS 56gr verst\u00e4rktes laminiertes Gewebe (Spunbond, Spunbond, Meltblown, Meltblown, Spunbond) Unsere Produkte sind steril. Geeignet f\u00fcr den m\u00e4nnlichen und weiblichen Gebrauch. [\/vc_column_text][\/vc_column][vc_column [&hellip;]<\/p>\n","protected":false},"author":2,"featured_media":0,"parent":0,"menu_order":0,"comment_status":"closed","ping_status":"closed","template":"","meta":{"footnotes":""},"class_list":["post-14098","page","type-page","status-publish","hentry"],"lang":"de","translations":{"de":14098,"tr":13760,"en":14176},"pll_sync_post":[],"_links":{"self":[{"href":"https:\/\/medical.savagrup.com\/index.php?rest_route=\/wp\/v2\/pages\/14098","targetHints":{"allow":["GET"]}}],"collection":[{"href":"https:\/\/medical.savagrup.com\/index.php?rest_route=\/wp\/v2\/pages"}],"about":[{"href":"https:\/\/medical.savagrup.com\/index.php?rest_route=\/wp\/v2\/types\/page"}],"author":[{"embeddable":true,"href":"https:\/\/medical.savagrup.com\/index.php?rest_route=\/wp\/v2\/users\/2"}],"replies":[{"embeddable":true,"href":"https:\/\/medical.savagrup.com\/index.php?rest_route=%2Fwp%2Fv2%2Fcomments&post=14098"}],"version-history":[{"count":7,"href":"https:\/\/medical.savagrup.com\/index.php?rest_route=\/wp\/v2\/pages\/14098\/revisions"}],"predecessor-version":[{"id":14110,"href":"https:\/\/medical.savagrup.com\/index.php?rest_route=\/wp\/v2\/pages\/14098\/revisions\/14110"}],"wp:attachment":[{"href":"https:\/\/medical.savagrup.com\/index.php?rest_route=%2Fwp%2Fv2%2Fmedia&parent=14098"}],"curies":[{"name":"wp","href":"https:\/\/api.w.org\/{rel}","templated":true}]}}