{"id":14112,"date":"2021-12-04T16:39:47","date_gmt":"2021-12-04T13:39:47","guid":{"rendered":"https:\/\/medical.savagrup.com\/?page_id=14112"},"modified":"2021-12-04T16:54:57","modified_gmt":"2021-12-04T13:54:57","slug":"overall","status":"publish","type":"page","link":"https:\/\/medical.savagrup.com\/?page_id=14112&lang=de","title":{"rendered":"Overall"},"content":{"rendered":"<p>[vc_row][vc_column width=&#8221;1\/3&#8243;][\/vc_column][vc_column width=&#8221;1\/3&#8243;][vc_column_text]<\/p>\n<h3 style=\"text-align: center;\"><strong>Overall<\/strong><\/h3>\n<p>[\/vc_column_text][vc_column_text]<\/p>\n<ul>\n<li>56 gr\/m laminiert<\/li>\n<li>Baumwolle innen, wasserdicht,<\/li>\n<li>Partikelfrei, bakterienfrei, leicht und weich<\/li>\n<li>Der Hoodie hat einen Gummizug an Taille, Beinen und Armen.<\/li>\n<li>Hohes Schutzniveau<\/li>\n<li>Hohe Qualit\u00e4t, Einweg<\/li>\n<li>Es ist sowohl f\u00fcr den m\u00e4nnlichen als auch f\u00fcr den weiblichen Gebrauch geeignet.<\/li>\n<\/ul>\n<p>[\/vc_column_text][\/vc_column][vc_column width=&#8221;1\/3&#8243;][\/vc_column][\/vc_row][vc_row][vc_column width=&#8221;1\/2&#8243;][vc_single_image image=&#8221;14116&#8243; img_size=&#8221;450&#215;1000&#8243;][\/vc_column][vc_column width=&#8221;1\/2&#8243;][vc_single_image image=&#8221;14117&#8243; img_size=&#8221;450&#215;1000&#8243;][\/vc_column][\/vc_row][vc_row][vc_column][vc_column_text]<\/p>\n<p style=\"text-align: center;\">F\u00fcr weitere Informationen zu unseren Produkten k\u00f6nnen Sie uns kontaktieren oder hier\u00a0<a href=\"https:\/\/medical.savagrup.com\/Savamed_catalogue_EN.pdf\">unseren Katalog einsehen<\/a>.<\/p>\n<p>[\/vc_column_text][\/vc_column][\/vc_row]<\/p>\n","protected":false},"excerpt":{"rendered":"<p>[vc_row][vc_column width=&#8221;1\/3&#8243;][\/vc_column][vc_column width=&#8221;1\/3&#8243;][vc_column_text] Overall [\/vc_column_text][vc_column_text] 56 gr\/m laminiert Baumwolle innen, wasserdicht, Partikelfrei, bakterienfrei, leicht und weich Der Hoodie hat einen Gummizug an Taille, Beinen und Armen. Hohes Schutzniveau Hohe Qualit\u00e4t, Einweg Es ist sowohl f\u00fcr den m\u00e4nnlichen als auch f\u00fcr den weiblichen Gebrauch geeignet. [\/vc_column_text][\/vc_column][vc_column width=&#8221;1\/3&#8243;][\/vc_column][\/vc_row][vc_row][vc_column width=&#8221;1\/2&#8243;][vc_single_image image=&#8221;14116&#8243; img_size=&#8221;450&#215;1000&#8243;][\/vc_column][vc_column width=&#8221;1\/2&#8243;][vc_single_image image=&#8221;14117&#8243; img_size=&#8221;450&#215;1000&#8243;][\/vc_column][\/vc_row][vc_row][vc_column][vc_column_text] F\u00fcr weitere Informationen [&hellip;]<\/p>\n","protected":false},"author":2,"featured_media":0,"parent":0,"menu_order":0,"comment_status":"closed","ping_status":"closed","template":"","meta":{"footnotes":""},"class_list":["post-14112","page","type-page","status-publish","hentry"],"lang":"de","translations":{"de":14112,"tr":13757,"en":14189},"pll_sync_post":[],"_links":{"self":[{"href":"https:\/\/medical.savagrup.com\/index.php?rest_route=\/wp\/v2\/pages\/14112","targetHints":{"allow":["GET"]}}],"collection":[{"href":"https:\/\/medical.savagrup.com\/index.php?rest_route=\/wp\/v2\/pages"}],"about":[{"href":"https:\/\/medical.savagrup.com\/index.php?rest_route=\/wp\/v2\/types\/page"}],"author":[{"embeddable":true,"href":"https:\/\/medical.savagrup.com\/index.php?rest_route=\/wp\/v2\/users\/2"}],"replies":[{"embeddable":true,"href":"https:\/\/medical.savagrup.com\/index.php?rest_route=%2Fwp%2Fv2%2Fcomments&post=14112"}],"version-history":[{"count":4,"href":"https:\/\/medical.savagrup.com\/index.php?rest_route=\/wp\/v2\/pages\/14112\/revisions"}],"predecessor-version":[{"id":14119,"href":"https:\/\/medical.savagrup.com\/index.php?rest_route=\/wp\/v2\/pages\/14112\/revisions\/14119"}],"wp:attachment":[{"href":"https:\/\/medical.savagrup.com\/index.php?rest_route=%2Fwp%2Fv2%2Fmedia&parent=14112"}],"curies":[{"name":"wp","href":"https:\/\/api.w.org\/{rel}","templated":true}]}}