{"id":8552,"date":"2018-02-21T14:08:08","date_gmt":"2018-02-21T11:08:08","guid":{"rendered":"https:\/\/www.demo.themicart.com\/interico-wp\/?page_id=8552"},"modified":"2021-12-06T17:16:18","modified_gmt":"2021-12-06T14:16:18","slug":"demo-10","status":"publish","type":"page","link":"https:\/\/medical.savagrup.com\/","title":{"rendered":"ANA SAYFA"},"content":{"rendered":"<p>[vc_row][vc_column][vc_column_text]<div id=\"metaslider-id-14300\" style=\"width: 100%;\" class=\"ml-slider-3-27-13 metaslider metaslider-flex metaslider-14300 ml-slider ms-theme-highway nav-hidden\">\n    <div id=\"metaslider_container_14300\">\n        <div id=\"metaslider_14300\">\n            <ul aria-live=\"polite\" class=\"slides\">\n                <li style=\"display: block; width: 100%;\" class=\"slide-14301 ms-image\"><img loading=\"lazy\" decoding=\"async\" src=\"https:\/\/medical.savagrup.com\/wp-content\/uploads\/2021\/12\/uretim_01-de-1200x600.jpg\" height=\"600\" width=\"1200\" alt=\"\" class=\"slider-14300 slide-14301\" title=\"uretim_01 - de\" \/><div class=\"caption-wrap\"><div class=\"caption\"><h2 style=\"text-align:center;\"><strong>Sa\u011fl\u0131\u011f\u0131n\u0131z Bizim i\u00e7in \u00d6nemli<\/strong><\/h2><\/div><\/div><\/li>\n                <li style=\"display: none; width: 100%;\" class=\"slide-14302 ms-image\"><img loading=\"lazy\" decoding=\"async\" src=\"https:\/\/medical.savagrup.com\/wp-content\/uploads\/2021\/12\/uretim_03-ing-1024x512.jpeg\" height=\"600\" width=\"1200\" alt=\"\" class=\"slider-14300 slide-14302\" title=\"uretim_03 - ing\" \/><div class=\"caption-wrap\"><div class=\"caption\"><h2 style=\"text-align:center;\"><strong>Hijyen Ve Kalite Fark\u0131ndal\u0131\u011f\u0131<\/strong><\/h2><\/div><\/div><\/li>\n            <\/ul>\n        <\/div>\n        \n    <\/div>\n<\/div>[\/vc_column_text][\/vc_column][\/vc_row][vc_row full_width=&#8221;stretch_row&#8221; css=&#8221;.vc_custom_1534928377326{background-color: #f5f5f5 !important;}&#8221;][vc_column width=&#8221;1\/4&#8243; css=&#8221;.vc_custom_1534926839578{padding-top: 0px !important;padding-right: 0px !important;}&#8221;]<a href=\"https:\/\/medical.savagrup.com\/?page_id=13858\"><div class=\"feature-box icon-large-left box-hovered spacing-0 spacing-mob-30\"><span class=\"lnr lnr-license\"><\/span><div class=\"content-wrapper\"><h3 class=\"feature-title\">Sertifalar\u0131m\u0131z<\/h3><div class=\"btn-read-more\">G\u00f6r\u00fcnt\u00fcleyin<\/div><\/div><\/div><\/a>[\/vc_column][vc_column width=&#8221;1\/4&#8243; css=&#8221;.vc_custom_1534926848043{padding-top: 0px !important;padding-right: 0px !important;padding-left: 0px !important;}&#8221;]<a href=\"https:\/\/medical.savagrup.com\/?page_id=13861\"><div class=\"feature-box icon-large-left box-hovered spacing-0 spacing-mob-30\"><span class=\"lnr lnr-train\"><\/span><div class=\"content-wrapper\"><h3 class=\"feature-title\">Lojistik<\/h3><div class=\"btn-read-more\">G\u00f6r\u00fcnt\u00fcleyin<\/div><\/div><\/div><\/a>[\/vc_column][vc_column width=&#8221;1\/4&#8243; css=&#8221;.vc_custom_1534926855140{padding-top: 0px !important;padding-right: 0px !important;padding-left: 0px !important;}&#8221;]<a href=\"https:\/\/medical.savagrup.com\/Savamed_catalogue_EN.pdf\"><div class=\"feature-box icon-large-left box-hovered spacing-0 spacing-mob-30\"><span class=\"lnr lnr-file-empty\"><\/span><div class=\"content-wrapper\"><h3 class=\"feature-title\">Katalo\u011fumuz<\/h3><div class=\"btn-read-more\">G\u00f6r\u00fcnt\u00fcleyin<\/div><\/div><\/div><\/a>[\/vc_column][vc_column width=&#8221;1\/4&#8243; css=&#8221;.vc_custom_1534926865189{padding-top: 0px !important;padding-left: 0px !important;}&#8221;]<a href=\"https:\/\/covid19.who.int\/\"><div class=\"feature-box icon-large-left box-hovered spacing-0 spacing-mob-30\"><span class=\"lnr lnr-heart-pulse\"><\/span><div class=\"content-wrapper\"><h3 class=\"feature-title\">Covid-19 G\u00fcncel<\/h3><div class=\"btn-read-more\">G\u00f6r\u00fcnt\u00fcleyin<\/div><\/div><\/div><\/a>[\/vc_column][vc_column][vc_row_inner][vc_column_inner][vc_separator][vc_column_text]<\/p>\n<h2 id=\"kalite\" style=\"text-align: center;\">Kaliteli , M\u00fc\u015fteri Odakl\u0131 \u00dcretim<\/h2>\n<p>[\/vc_column_text][\/vc_column_inner][\/vc_row_inner][vc_column_text]<\/p>\n<p style=\"text-align: center;\">Sava medical olarak t\u0131bbi \u00fcr\u00fcnler konusunda hijyen ve kalitede \u00f6d\u00fcn vermeden faaliyetlerimizi s\u00fcrd\u00fcrmekteyiz.<br \/>\n\u00dcretimimiz de en \u00f6nemli husus olan hijyenik olguyu en \u00f6n planda tutmaktay\u0131z.<br \/>\nSon t\u00fcketicinin kullan\u0131m\u0131na kadar bu olgunun bilincinde olarak hedeflerimizi olu\u015fturuyoruz.<br \/>\nAd\u0131mlar\u0131m\u0131z\u0131 m\u00fc\u015fteri memnuniyeti ve s\u00fcrd\u00fcr\u00fclebilirlik prensibi ile atmaktay\u0131z.<\/p>\n<p style=\"text-align: center;\">Avrupa ve \u0130skandinav \u00fclkeleri ba\u015fta olmak \u00fczere D\u00fcnyan\u0131n bir\u00e7ok \u00fclkesine ihracat\u0131m\u0131z mevcuttur.<br \/>\nG\u00fcnl\u00fck 750.000 adet tek kullan\u0131ml\u0131k maske, 250.000 adet FFP2,FFP3 (filter, non-filter) 250.000 adet bone ve \u00e7e\u015fitli medical \u00fcr\u00fcnleri \u00fcretim kapasitemiz vard\u0131r.<\/p>\n<p>[\/vc_column_text][\/vc_column][\/vc_row][vc_row full_width=&#8221;stretch_row&#8221; equal_height=&#8221;yes&#8221; content_placement=&#8221;middle&#8221; el_class=&#8221;spaced&#8221;][vc_column][vc_column_text]<\/p>\n<h2 id=\"urunler\" style=\"text-align: center;\"><strong>\u00dcr\u00fcnler<\/strong><\/h2>\n<p>[\/vc_column_text][vc_row_inner][vc_column_inner width=&#8221;1\/3&#8243;][vc_single_image image=&#8221;13696&#8243; img_size=&#8221;450&#215;300&#8243; add_caption=&#8221;yes&#8221; alignment=&#8221;center&#8221; onclick=&#8221;custom_link&#8221; title=&#8221;Maske&#8221; link=&#8221;https:\/\/medical.savagrup.com\/?page_id=13745&#8243;][\/vc_column_inner][vc_column_inner width=&#8221;1\/3&#8243;][vc_single_image image=&#8221;13634&#8243; img_size=&#8221;450&#215;300&#8243; add_caption=&#8221;yes&#8221; alignment=&#8221;center&#8221; onclick=&#8221;custom_link&#8221; title=&#8221;Bone&#8221; link=&#8221;https:\/\/medical.savagrup.com\/?page_id=13749&#8243;][\/vc_column_inner][vc_column_inner width=&#8221;1\/3&#8243;][vc_single_image image=&#8221;13703&#8243; img_size=&#8221;450&#215;300&#8243; add_caption=&#8221;yes&#8221; alignment=&#8221;center&#8221; onclick=&#8221;custom_link&#8221; title=&#8221;Galo\u015f&#8221; link=&#8221;https:\/\/medical.savagrup.com\/?page_id=13753&#8243;][\/vc_column_inner][\/vc_row_inner][vc_row_inner][vc_column_inner width=&#8221;1\/2&#8243;][vc_single_image image=&#8221;13707&#8243; img_size=&#8221;600&#215;300&#8243; add_caption=&#8221;yes&#8221; alignment=&#8221;center&#8221; onclick=&#8221;custom_link&#8221; title=&#8221;\u00d6nl\u00fck&#8221; link=&#8221;https:\/\/medical.savagrup.com\/?page_id=13760&#8243;][\/vc_column_inner][vc_column_inner width=&#8221;1\/2&#8243;][vc_single_image image=&#8221;13708&#8243; img_size=&#8221;600&#215;300&#8243; add_caption=&#8221;yes&#8221; alignment=&#8221;center&#8221; onclick=&#8221;custom_link&#8221; title=&#8221;Tulum&#8221; link=&#8221;https:\/\/medical.savagrup.com\/?page_id=13757&#8243;][\/vc_column_inner][\/vc_row_inner][\/vc_column][\/vc_row][vc_row full_width=&#8221;stretch_row&#8221; css=&#8221;.vc_custom_1536827205448{padding-top: 80px !important;padding-bottom: 80px !important;background: #f5f5f5 url(https:\/\/themicart.com\/interico-wpb\/wp-content\/uploads\/2018\/03\/vertical-lines-3-1.png?id=9229) !important;background-position: 0 0 !important;background-repeat: repeat !important;}&#8221;][vc_column][vc_row_inner css=&#8221;.vc_custom_1636913512528{margin-bottom: 45px !important;}&#8221;][vc_column_inner][vc_column_text]<\/p>\n<h2 id=\"uretim\" style=\"text-align: center;\"><strong>\u00dcretim Tesisi<\/strong><\/h2>\n<p>[\/vc_column_text][\/vc_column_inner][\/vc_row_inner][vc_row_inner][vc_column_inner width=&#8221;1\/3&#8243;][vc_single_image image=&#8221;13714&#8243;][\/vc_column_inner][vc_column_inner width=&#8221;1\/3&#8243;][vc_single_image image=&#8221;13718&#8243;][\/vc_column_inner][vc_column_inner width=&#8221;1\/3&#8243;][vc_single_image image=&#8221;13716&#8243;][\/vc_column_inner][\/vc_row_inner][\/vc_column][vc_column][vc_row_inner][vc_column_inner width=&#8221;1\/3&#8243;][vc_video link=&#8221;https:\/\/vimeo.com\/652471856&#8243;][\/vc_column_inner][vc_column_inner width=&#8221;1\/3&#8243;][vc_video link=&#8221;https:\/\/vimeo.com\/652470790&#8243;][\/vc_column_inner][vc_column_inner width=&#8221;1\/3&#8243;][vc_video link=&#8221;https:\/\/vimeo.com\/652472022&#8243;][\/vc_column_inner][\/vc_row_inner][\/vc_column][\/vc_row][vc_row][vc_column css=&#8221;.vc_custom_1637050308160{margin-top: 100px !important;}&#8221;][vc_column_text]<\/p>\n<h2 id=\"iletisim\">\u0130LET\u0130\u015e\u0130M B\u0130LG\u0130LER\u0130M\u0130Z<\/h2>\n<p><strong>Sava Medikal G\u0131da San. Tic. Ltd. \u015eti.<\/strong><br \/>\nAdres:\u00a0 \u0130zmir Free Zone Ard\u0131\u00e7 Sk. No:21 Menemen \u0130zmir Turkiye<br \/>\nE-Mail: <a href=\"mailto:info@savagrup.com\">info@savagrup.com<\/a>[\/vc_column_text][vc_gmaps link=&#8221;#E-8_JTNDaWZyYW1lJTIwc3JjJTNEJTIyaHR0cHMlM0ElMkYlMkZ3d3cuZ29vZ2xlLmNvbSUyRm1hcHMlMkZlbWJlZCUzRnBiJTNEJTIxMW0xOCUyMTFtMTIlMjExbTMlMjExZDMxMTcuNTg0NzMzMzgxOTcwNiUyMTJkMjYuOTM2Mjk1Mjk5MzMxMDU0JTIxM2QzOC42MTI0MjcyNjM1MDAwNyUyMTJtMyUyMTFmMCUyMTJmMCUyMTNmMCUyMTNtMiUyMTFpMTAyNCUyMTJpNzY4JTIxNGYxMy4xJTIxM20zJTIxMW0yJTIxMXMweDE0YmJjYzMzNTdlM2E0N2YlMjUzQTB4Zjk5N2UzMWI0ZmQ3OTQwNSUyMTJ6VFdGc2RHVndaU0JUWlhKaVpYTjBJRUxEdG14blpYTnBMQ0JCY21URXNjT25JRk5yTGlCT2J6b3lNU3dnTXpVMk56UWdUV1Z1WlcxbGJpX0VzSHB0YVhJJTIxNWUwJTIxM20yJTIxMXN0ciUyMTJzdHIlMjE0djE2Mzg0NTM3Njg5MzUlMjE1bTIlMjExc3RyJTIxMnN0ciUyMiUyMHdpZHRoJTNEJTIyNjAwJTIyJTIwaGVpZ2h0JTNEJTIyNDUwJTIyJTIwc3R5bGUlM0QlMjJib3JkZXIlM0EwJTNCJTIyJTIwYWxsb3dmdWxsc2NyZWVuJTNEJTIyJTIyJTIwbG9hZGluZyUzRCUyMmxhenklMjIlM0UlM0MlMkZpZnJhbWUlM0U=&#8221;][\/vc_column][\/vc_row]<\/p>\n","protected":false},"excerpt":{"rendered":"<p>[vc_row][vc_column][vc_column_text][\/vc_column_text][\/vc_column][\/vc_row][vc_row full_width=&#8221;stretch_row&#8221; css=&#8221;.vc_custom_1534928377326{background-color: #f5f5f5 !important;}&#8221;][vc_column width=&#8221;1\/4&#8243; css=&#8221;.vc_custom_1534926839578{padding-top: 0px !important;padding-right: 0px !important;}&#8221;][\/vc_column][vc_column width=&#8221;1\/4&#8243; css=&#8221;.vc_custom_1534926848043{padding-top: 0px !important;padding-right: 0px !important;padding-left: 0px !important;}&#8221;][\/vc_column][vc_column width=&#8221;1\/4&#8243; css=&#8221;.vc_custom_1534926855140{padding-top: 0px !important;padding-right: 0px !important;padding-left: 0px !important;}&#8221;][\/vc_column][vc_column width=&#8221;1\/4&#8243; css=&#8221;.vc_custom_1534926865189{padding-top: 0px !important;padding-left: 0px !important;}&#8221;][\/vc_column][vc_column][vc_row_inner][vc_column_inner][vc_separator][vc_column_text] Kaliteli , M\u00fc\u015fteri Odakl\u0131 \u00dcretim [\/vc_column_text][\/vc_column_inner][\/vc_row_inner][vc_column_text] Sava medical olarak t\u0131bbi \u00fcr\u00fcnler konusunda hijyen ve kalitede \u00f6d\u00fcn vermeden faaliyetlerimizi s\u00fcrd\u00fcrmekteyiz. \u00dcretimimiz de en [&hellip;]<\/p>\n","protected":false},"author":2,"featured_media":0,"parent":0,"menu_order":0,"comment_status":"closed","ping_status":"closed","template":"page-slider.php","meta":{"footnotes":""},"class_list":["post-8552","page","type-page","status-publish","hentry"],"lang":"tr","translations":{"tr":8552,"de":13808,"en":13812},"pll_sync_post":[],"_links":{"self":[{"href":"https:\/\/medical.savagrup.com\/index.php?rest_route=\/wp\/v2\/pages\/8552","targetHints":{"allow":["GET"]}}],"collection":[{"href":"https:\/\/medical.savagrup.com\/index.php?rest_route=\/wp\/v2\/pages"}],"about":[{"href":"https:\/\/medical.savagrup.com\/index.php?rest_route=\/wp\/v2\/types\/page"}],"author":[{"embeddable":true,"href":"https:\/\/medical.savagrup.com\/index.php?rest_route=\/wp\/v2\/users\/2"}],"replies":[{"embeddable":true,"href":"https:\/\/medical.savagrup.com\/index.php?rest_route=%2Fwp%2Fv2%2Fcomments&post=8552"}],"version-history":[{"count":78,"href":"https:\/\/medical.savagrup.com\/index.php?rest_route=\/wp\/v2\/pages\/8552\/revisions"}],"predecessor-version":[{"id":14308,"href":"https:\/\/medical.savagrup.com\/index.php?rest_route=\/wp\/v2\/pages\/8552\/revisions\/14308"}],"wp:attachment":[{"href":"https:\/\/medical.savagrup.com\/index.php?rest_route=%2Fwp%2Fv2%2Fmedia&parent=8552"}],"curies":[{"name":"wp","href":"https:\/\/api.w.org\/{rel}","templated":true}]}}